{"id":3945,"date":"2020-01-29T18:35:15","date_gmt":"2020-01-29T17:35:15","guid":{"rendered":"http:\/\/at-aviation.de\/wordpress\/?page_id=3945"},"modified":"2020-04-03T11:37:12","modified_gmt":"2020-04-03T10:37:12","slug":"neuigkeiten","status":"publish","type":"page","link":"https:\/\/www.at-aviation.de\/index.php\/neuigkeiten\/","title":{"rendered":"Neuigkeiten"},"content":{"rendered":"<section class=\"wpb-content-wrapper\"><p>[vc_row][vc_column]<style type=\"text\/css\" data-type=\"the7_shortcodes-inline-css\">.blog-shortcode.blog-masonry-shortcode-id-c101d1bf1af7d012cf2dbd74999c9a26.dividers-on.classic-layout-list article {\n  padding-top: 0;\n}\n.blog-shortcode.blog-masonry-shortcode-id-c101d1bf1af7d012cf2dbd74999c9a26.dividers-on.classic-layout-list article:first-of-type {\n  margin-top: 0;\n  padding-top: 0;\n}\n.blog-shortcode.blog-masonry-shortcode-id-c101d1bf1af7d012cf2dbd74999c9a26.classic-layout-list.mode-list .post-entry-content {\n  width: calc(100% - );\n}\n.blog-shortcode.blog-masonry-shortcode-id-c101d1bf1af7d012cf2dbd74999c9a26.classic-layout-list.mode-list .no-img .post-entry-content {\n  width: 100%;\n}\n.blog-shortcode.blog-masonry-shortcode-id-c101d1bf1af7d012cf2dbd74999c9a26 .filter-bg-decoration .filter-categories a.act {\n  color: #fff;\n}\n.blog-shortcode.blog-masonry-shortcode-id-c101d1bf1af7d012cf2dbd74999c9a26:not(.mode-masonry) article:first-of-type,\n.blog-shortcode.blog-masonry-shortcode-id-c101d1bf1af7d012cf2dbd74999c9a26:not(.mode-masonry) article.visible.first:not(.product) {\n  margin-top: 0;\n}\n.blog-shortcode.blog-masonry-shortcode-id-c101d1bf1af7d012cf2dbd74999c9a26.dividers-on:not(.mode-masonry) article {\n  margin-top: 0;\n}\n.blog-shortcode.blog-masonry-shortcode-id-c101d1bf1af7d012cf2dbd74999c9a26.dividers-on:not(.mode-masonry) article:first-of-type,\n.blog-shortcode.blog-masonry-shortcode-id-c101d1bf1af7d012cf2dbd74999c9a26.dividers-on:not(.mode-masonry) article.visible.first:not(.product) {\n  margin-top: 0;\n  padding-top: 0;\n}\n.blog-shortcode.blog-masonry-shortcode-id-c101d1bf1af7d012cf2dbd74999c9a26 .post-thumbnail-wrap {\n  padding: 0px 0px 0px 0px;\n}\n.blog-shortcode.blog-masonry-shortcode-id-c101d1bf1af7d012cf2dbd74999c9a26.enable-bg-rollover .post-thumbnail-rollover:after {\n  background: -webkit-linear-gradient();\n  background: linear-gradient();\n}\n.blog-shortcode.blog-masonry-shortcode-id-c101d1bf1af7d012cf2dbd74999c9a26 .gallery-zoom-ico {\n  width: 44px;\n  height: 44px;\n  line-height: 44px;\n  border-radius: 100px;\n  margin: -22px 0 0 -22px;\n  border-width: 0px;\n  color: #ffffff;\n}\n.bottom-overlap-layout-list.blog-shortcode.blog-masonry-shortcode-id-c101d1bf1af7d012cf2dbd74999c9a26 .gallery-zoom-ico {\n  margin-top: -72px;\n}\n.gradient-overlay-layout-list.blog-shortcode.blog-masonry-shortcode-id-c101d1bf1af7d012cf2dbd74999c9a26 .gallery-zoom-ico,\n.content-rollover-layout-list.blog-shortcode.blog-masonry-shortcode-id-c101d1bf1af7d012cf2dbd74999c9a26 .gallery-zoom-ico {\n  margin: 0 0 10px;\n}\n.content-align-center.gradient-overlay-layout-list.blog-shortcode.blog-masonry-shortcode-id-c101d1bf1af7d012cf2dbd74999c9a26 .gallery-zoom-ico,\n.content-align-center.content-rollover-layout-list.blog-shortcode.blog-masonry-shortcode-id-c101d1bf1af7d012cf2dbd74999c9a26 .gallery-zoom-ico {\n  margin: 0 auto 10px;\n}\n.dt-icon-bg-on.blog-shortcode.blog-masonry-shortcode-id-c101d1bf1af7d012cf2dbd74999c9a26 .gallery-zoom-ico {\n  background: rgba(255,255,255,0.3);\n  box-shadow: none;\n}\n.blog-shortcode.blog-masonry-shortcode-id-c101d1bf1af7d012cf2dbd74999c9a26 .gallery-zoom-ico > span,\n.blog-shortcode.blog-masonry-shortcode-id-c101d1bf1af7d012cf2dbd74999c9a26 .gallery-zoom-ico:before {\n  font-size: 32px;\n  line-height: 44px;\n}\n.blog-shortcode.blog-masonry-shortcode-id-c101d1bf1af7d012cf2dbd74999c9a26 .gallery-zoom-ico > span,\n.blog-shortcode.blog-masonry-shortcode-id-c101d1bf1af7d012cf2dbd74999c9a26 .gallery-zoom-ico:before {\n  color: #ffffff;\n}\n.blog-shortcode.blog-masonry-shortcode-id-c101d1bf1af7d012cf2dbd74999c9a26 .entry-title,\n.blog-shortcode.blog-masonry-shortcode-id-c101d1bf1af7d012cf2dbd74999c9a26.owl-carousel .entry-title {\n  margin-bottom: 5px;\n  font-weight: bold;\n}\n.blog-shortcode.blog-masonry-shortcode-id-c101d1bf1af7d012cf2dbd74999c9a26 .entry-meta {\n  margin-bottom: 15px;\n}\n.blog-shortcode.blog-masonry-shortcode-id-c101d1bf1af7d012cf2dbd74999c9a26 .portfolio-categories {\n  margin-bottom: 15px;\n}\n.blog-shortcode.blog-masonry-shortcode-id-c101d1bf1af7d012cf2dbd74999c9a26 .entry-excerpt {\n  margin-bottom: 5px;\n}\n.blog-shortcode.blog-masonry-shortcode-id-c101d1bf1af7d012cf2dbd74999c9a26:not(.centered-layout-list) .post-entry-content {\n  padding: 25px 30px 30px 30px;\n}\n.blog-shortcode.blog-masonry-shortcode-id-c101d1bf1af7d012cf2dbd74999c9a26:not(.centered-layout-list):not(.content-bg-on):not(.mode-list) .no-img .post-entry-content {\n  padding: 0;\n}\n@media screen and (max-width: ) {\n  .blog-shortcode.blog-masonry-shortcode-id-c101d1bf1af7d012cf2dbd74999c9a26 article {\n    -ms-flex-flow: column nowrap;\n    flex-flow: column nowrap;\n    margin-top: 20px;\n  }\n  .blog-shortcode.blog-masonry-shortcode-id-c101d1bf1af7d012cf2dbd74999c9a26.dividers-on article {\n    border: none;\n  }\n  .blog-shortcode.blog-masonry-shortcode-id-c101d1bf1af7d012cf2dbd74999c9a26.content-bg-on.centered-layout-list article {\n    padding: 0;\n  }\n  .blog-shortcode.blog-masonry-shortcode-id-c101d1bf1af7d012cf2dbd74999c9a26.blog-shortcode.dividers-on article,\n  .blog-shortcode.blog-masonry-shortcode-id-c101d1bf1af7d012cf2dbd74999c9a26.dividers-on.classic-layout-list article {\n    margin-top: 20px;\n    padding: 0;\n  }\n  .blog-shortcode.blog-masonry-shortcode-id-c101d1bf1af7d012cf2dbd74999c9a26.blog-shortcode.dividers-on article:first-of-type,\n  .blog-shortcode.blog-masonry-shortcode-id-c101d1bf1af7d012cf2dbd74999c9a26.dividers-on.classic-layout-list article:first-of-type {\n    padding: 0;\n  }\n  #page .blog-shortcode.blog-masonry-shortcode-id-c101d1bf1af7d012cf2dbd74999c9a26 .post-thumbnail-wrap,\n  #page .blog-shortcode.blog-masonry-shortcode-id-c101d1bf1af7d012cf2dbd74999c9a26 .post-entry-content {\n    width: 100%;\n    margin: 0;\n    top: 0;\n  }\n  #page .blog-shortcode.blog-masonry-shortcode-id-c101d1bf1af7d012cf2dbd74999c9a26 .post-thumbnail-wrap {\n    padding: 0;\n  }\n  #page .blog-shortcode.blog-masonry-shortcode-id-c101d1bf1af7d012cf2dbd74999c9a26 .post-entry-content:after {\n    display: none;\n  }\n  #page .blog-shortcode.blog-masonry-shortcode-id-c101d1bf1af7d012cf2dbd74999c9a26 .project-even .post-thumbnail-wrap,\n  #page .blog-shortcode.blog-masonry-shortcode-id-c101d1bf1af7d012cf2dbd74999c9a26.centered-layout-list .post-thumbnail-wrap {\n    -ms-flex-order: 0;\n    order: 0;\n  }\n  #page .blog-shortcode.blog-masonry-shortcode-id-c101d1bf1af7d012cf2dbd74999c9a26.centered-layout-list .post-entry-title-content {\n    -ms-flex-order: 1;\n    order: 1;\n    width: 100%;\n    padding: 20px 20px 0;\n  }\n  #page .blog-shortcode.blog-masonry-shortcode-id-c101d1bf1af7d012cf2dbd74999c9a26.centered-layout-list .post-entry-content {\n    -ms-flex-order: 2;\n    order: 2;\n    padding-top: 0;\n  }\n  #page .blog-shortcode.blog-masonry-shortcode-id-c101d1bf1af7d012cf2dbd74999c9a26 .fancy-categories {\n    top: 10px;\n    left: 10px;\n    bottom: auto;\n    right: auto;\n  }\n  #page .blog-shortcode.blog-masonry-shortcode-id-c101d1bf1af7d012cf2dbd74999c9a26 .fancy-date a {\n    top: 10px;\n    right: 10px;\n    left: auto;\n    bottom: auto;\n  }\n  #page .blog-shortcode.blog-masonry-shortcode-id-c101d1bf1af7d012cf2dbd74999c9a26 .post-entry-content {\n    padding: 20px;\n  }\n  #page .blog-shortcode.blog-masonry-shortcode-id-c101d1bf1af7d012cf2dbd74999c9a26 .entry-title {\n    margin: 3px 0 5px;\n    font-size: 20px;\n    line-height: 26px;\n  }\n  #page .blog-shortcode.blog-masonry-shortcode-id-c101d1bf1af7d012cf2dbd74999c9a26 .entry-meta {\n    margin: 5px 0 5px;\n  }\n  #page .blog-shortcode.blog-masonry-shortcode-id-c101d1bf1af7d012cf2dbd74999c9a26 .entry-excerpt {\n    margin: 15px 0 0;\n  }\n  #page .blog-shortcode.blog-masonry-shortcode-id-c101d1bf1af7d012cf2dbd74999c9a26 .post-details {\n    margin: 5px 0 10px;\n  }\n  #page .blog-shortcode.blog-masonry-shortcode-id-c101d1bf1af7d012cf2dbd74999c9a26 .post-details.details-type-link {\n    margin-bottom: 2px;\n  }\n}\n<\/style><div class=\"blog-shortcode blog-masonry-shortcode-id-c101d1bf1af7d012cf2dbd74999c9a26 mode-masonry classic-layout-list content-bg-on jquery-filter scale-img dt-icon-bg-off resize-by-browser-width loading-effect-none description-under-image \" data-padding=\"15px\" data-cur-page=\"1\" data-post-limit=\"-1\" data-pagination-mode=\"none\" data-desktop-columns-num=\"4\" data-v-tablet-columns-num=\"2\" data-h-tablet-columns-num=\"3\" data-phone-columns-num=\"1\" data-width=\"0px\" data-columns=\"0\"><div class=\"iso-container\" ><div class=\"visible wf-cell iso-item\" data-post-id=\"4322\" data-date=\"2020-08-04T18:37:00+02:00\" data-name=\"Herzlich willkommen Gabriel\"><article class=\"post project-odd visible post-4322 type-post status-publish format-standard has-post-thumbnail hentry category-news category-18\" data-name=\"Herzlich willkommen Gabriel\" data-date=\"2020-08-04T18:37:00+02:00\">\n\n<div class=\"post-thumbnail-wrap\">\n\t<div class=\"post-thumbnail\">\n\t\t\n\t\t\n\t\t<a href=\"https:\/\/www.at-aviation.de\/index.php\/herzlich-willkommen-gabriel\/\" class=\"post-thumbnail-rollover layzr-bg layzr-bg\" ><img fetchpriority=\"high\" decoding=\"async\" class=\"iso-lazy-load preload-me iso-lazy-load aspect\" src=\"data:image\/svg+xml,%3Csvg%20xmlns%3D&#39;http%3A%2F%2Fwww.w3.org%2F2000%2Fsvg&#39;%20viewBox%3D&#39;0%200%20768%20512&#39;%2F%3E\" data-src=\"https:\/\/www.at-aviation.de\/wp-content\/uploads\/2020\/08\/PHOTO-2020-08-03-21-28-48-768x512.jpg\" data-srcset=\"https:\/\/www.at-aviation.de\/wp-content\/uploads\/2020\/08\/PHOTO-2020-08-03-21-28-48-768x512.jpg 768w, https:\/\/www.at-aviation.de\/wp-content\/uploads\/2020\/08\/PHOTO-2020-08-03-21-28-48-1152x768.jpg 1152w\" loading=\"eager\" style=\"--ratio: 768 \/ 512\" sizes=\"(max-width: 768px) 100vw, 768px\" alt=\"\" title=\"PHOTO-2020-08-03-21-28-48\" width=\"768\" height=\"512\"  \/><\/a>\t<\/div>\n<\/div>\n\n\n<div class=\"post-entry-content\">\n\n\t<h3 class=\"entry-title\">\n\t\t<a href=\"https:\/\/www.at-aviation.de\/index.php\/herzlich-willkommen-gabriel\/\" title=\"Herzlich willkommen Gabriel\" rel=\"bookmark\">Herzlich willkommen Gabriel<\/a>\n\t<\/h3>\n\n\t<div class=\"entry-meta\"><span class=\"category-link\"><a href=\"https:\/\/www.at-aviation.de\/index.php\/category\/news\/\" >News<\/a><\/span><a class=\"author vcard\" href=\"https:\/\/www.at-aviation.de\/index.php\/author\/at_admin\/\" title=\"Zeige alle Beitr\u00e4ge von thaefner\" rel=\"author\">Von <span class=\"fn\">thaefner<\/span><\/a><a href=\"https:\/\/www.at-aviation.de\/index.php\/2020\/08\/04\/\" title=\"18:37\" class=\"data-link\" rel=\"bookmark\"><time class=\"entry-date updated\" datetime=\"2020-08-04T18:37:00+02:00\">4. August 2020<\/time><\/a><\/div>\n\t<div class=\"entry-excerpt\"><p>Gabriel, das AT Aviation Team freut sich sehr, dass Du den Weg zur PPL-A Lizenz mit uns gehen m\u00f6chtest. Wir w\u00fcnschen Dir ganz viel Spa\u00df und viel Erfolg. Und wir sind uns sicher, dass Du dabei viele tolle Flugerfahrungen machen wirst, die Dich zu einem sicheren Piloten werden lassen. Das gesamte AT Team wird Dich&hellip;<\/p>\n<\/div>\n\t\n<a href=\"https:\/\/www.at-aviation.de\/index.php\/herzlich-willkommen-gabriel\/\" class=\"post-details details-type-link\" aria-label=\"Read more about Herzlich willkommen Gabriel\">Read more<i class=\"dt-icon-the7-arrow-03\" aria-hidden=\"true\"><\/i><\/a>\n\n<\/div><\/article><\/div><div class=\"visible wf-cell iso-item\" data-post-id=\"4312\" data-date=\"2020-07-25T10:20:35+02:00\" data-name=\"Gratulation, Jan-Erik\"><article class=\"post project-odd visible post-4312 type-post status-publish format-standard has-post-thumbnail hentry category-news category-18\" data-name=\"Gratulation, Jan-Erik\" data-date=\"2020-07-25T10:20:35+02:00\">\n\n<div class=\"post-thumbnail-wrap\">\n\t<div class=\"post-thumbnail\">\n\t\t\n\t\t\n\t\t<a href=\"https:\/\/www.at-aviation.de\/index.php\/gratulation-jan-erik\/\" class=\"post-thumbnail-rollover layzr-bg layzr-bg\" ><img decoding=\"async\" class=\"iso-lazy-load preload-me iso-lazy-load aspect\" src=\"data:image\/svg+xml,%3Csvg%20xmlns%3D&#39;http%3A%2F%2Fwww.w3.org%2F2000%2Fsvg&#39;%20viewBox%3D&#39;0%200%20768%20512&#39;%2F%3E\" data-src=\"https:\/\/www.at-aviation.de\/wp-content\/uploads\/2020\/07\/IMG_7543-scaled-768x512.jpg\" data-srcset=\"https:\/\/www.at-aviation.de\/wp-content\/uploads\/2020\/07\/IMG_7543-scaled-768x512.jpg 768w, https:\/\/www.at-aviation.de\/wp-content\/uploads\/2020\/07\/IMG_7543-scaled-1152x768.jpg 1152w\" loading=\"eager\" style=\"--ratio: 768 \/ 512\" sizes=\"(max-width: 768px) 100vw, 768px\" alt=\"\" title=\"IMG_7543\" width=\"768\" height=\"512\"  \/><\/a>\t<\/div>\n<\/div>\n\n\n<div class=\"post-entry-content\">\n\n\t<h3 class=\"entry-title\">\n\t\t<a href=\"https:\/\/www.at-aviation.de\/index.php\/gratulation-jan-erik\/\" title=\"Gratulation, Jan-Erik\" rel=\"bookmark\">Gratulation, Jan-Erik<\/a>\n\t<\/h3>\n\n\t<div class=\"entry-meta\"><span class=\"category-link\"><a href=\"https:\/\/www.at-aviation.de\/index.php\/category\/news\/\" >News<\/a><\/span><a class=\"author vcard\" href=\"https:\/\/www.at-aviation.de\/index.php\/author\/at_admin\/\" title=\"Zeige alle Beitr\u00e4ge von thaefner\" rel=\"author\">Von <span class=\"fn\">thaefner<\/span><\/a><a href=\"https:\/\/www.at-aviation.de\/index.php\/2020\/07\/25\/\" title=\"10:20\" class=\"data-link\" rel=\"bookmark\"><time class=\"entry-date updated\" datetime=\"2020-07-25T10:20:35+02:00\">25. Juli 2020<\/time><\/a><\/div>\n\t<div class=\"entry-excerpt\"><p>Lieber Jan-Erik, zu Deiner mit Bravur bestandenen Pr\u00fcfung gratulieren wir Dir ganz besonders herzlich. Das hast Du richtig toll gemacht. Wir w\u00fcnschen Dir ganz viele tolle Stunden im Cockpit und freuen uns auf viele gemeinsame Erlebnisse von und mit Dir. Das ganze Team von AT Aviation feiert heute mit Dir.<\/p>\n<\/div>\n\t\n<a href=\"https:\/\/www.at-aviation.de\/index.php\/gratulation-jan-erik\/\" class=\"post-details details-type-link\" aria-label=\"Read more about Gratulation, Jan-Erik\">Read more<i class=\"dt-icon-the7-arrow-03\" aria-hidden=\"true\"><\/i><\/a>\n\n<\/div><\/article><\/div><\/div><!-- iso-container|iso-grid --><\/div>[\/vc_column][\/vc_row]<\/p>\n<\/section>","protected":false},"excerpt":{"rendered":"<p>[vc_row][vc_column][\/vc_column][\/vc_row]<\/p>\n","protected":false},"author":1,"featured_media":0,"parent":0,"menu_order":0,"comment_status":"closed","ping_status":"closed","template":"","meta":{"footnotes":""},"class_list":["post-3945","page","type-page","status-publish","hentry","description-off"],"_links":{"self":[{"href":"https:\/\/www.at-aviation.de\/index.php\/wp-json\/wp\/v2\/pages\/3945","targetHints":{"allow":["GET"]}}],"collection":[{"href":"https:\/\/www.at-aviation.de\/index.php\/wp-json\/wp\/v2\/pages"}],"about":[{"href":"https:\/\/www.at-aviation.de\/index.php\/wp-json\/wp\/v2\/types\/page"}],"author":[{"embeddable":true,"href":"https:\/\/www.at-aviation.de\/index.php\/wp-json\/wp\/v2\/users\/1"}],"replies":[{"embeddable":true,"href":"https:\/\/www.at-aviation.de\/index.php\/wp-json\/wp\/v2\/comments?post=3945"}],"version-history":[{"count":1,"href":"https:\/\/www.at-aviation.de\/index.php\/wp-json\/wp\/v2\/pages\/3945\/revisions"}],"predecessor-version":[{"id":3946,"href":"https:\/\/www.at-aviation.de\/index.php\/wp-json\/wp\/v2\/pages\/3945\/revisions\/3946"}],"wp:attachment":[{"href":"https:\/\/www.at-aviation.de\/index.php\/wp-json\/wp\/v2\/media?parent=3945"}],"curies":[{"name":"wp","href":"https:\/\/api.w.org\/{rel}","templated":true}]}}