{"id":3884,"date":"2020-01-28T12:05:05","date_gmt":"2020-01-28T11:05:05","guid":{"rendered":"http:\/\/at-aviation.de\/wordpress\/?page_id=3884"},"modified":"2020-03-25T10:16:19","modified_gmt":"2020-03-25T09:16:19","slug":"philosophie","status":"publish","type":"page","link":"https:\/\/www.at-aviation.de\/index.php\/about\/philosophie\/","title":{"rendered":"Philosophie"},"content":{"rendered":"<section class=\"wpb-content-wrapper\"><p>[vc_row][vc_column][vc_column_text]<\/p>\n<p><strong><span style=\"color: #000000;\"><em>&#8222;Umfassende und kompetente Dienstleistung f\u00fcr unsere Kunden&#8220;<\/em><\/span><\/strong><\/p>\n<p>&nbsp;<\/p>\n<p><span style=\"color: #000000;\">AT Aviation Services GmbH beabsichtigt, in Deutschland einer der f\u00fchrenden Anbieter<\/span><\/p>\n<p><span style=\"color: #000000;\">umfassender Dienstleistungen im Bereich der Luftfahrt zu werden.<\/span><\/p>\n<p>&nbsp;<\/p>\n<p><span style=\"color: #000000;\">AT Aviation Services GmbH versteht sich dabei als professioneller und kompetenter Partner unserer Kunden<\/span><\/p>\n<p><span style=\"color: #000000;\">und stellt daf\u00fcr ein umfangreiches Dienstleistungsangebot bereit:<\/span><\/p>\n<ul>\n<li>Pilotendienstleistungen<\/li>\n<li>Flugausbildung, -weiterbildung, -pr\u00fcfung,<\/li>\n<li>Beratung und Unterst\u00fctzung bei Flugzeugan- und -verkauf,<\/li>\n<li>technische Beratung, Pre-Buy Inspektionen, Unterst\u00fctzung bei der Flugzeugbewertung,<\/li>\n<li>Sicherheitstrainings<\/li>\n<li>Sprachpr\u00fcfungen Englisch ICAO Level<\/li>\n<li>Beratung und Unterst\u00fctzung in Organisationsfragen f\u00fcr Flugschulen, Luftfahrtunternehmen, Flugsicherungsorganisationen und Flugpl\u00e4tze,<\/li>\n<li>Erstellung von Softwaresolutions<\/li>\n<li>gef\u00fchrte fliegerische Touren im Ausland,<\/li>\n<li>u.v.m.<\/li>\n<\/ul>\n<p>[\/vc_column_text][\/vc_column][\/vc_row][vc_row][vc_column][vc_empty_space][\/vc_column][\/vc_row][vc_row][vc_column][vc_column_text]<span style=\"color: #000000;\"><strong>Unsere Prinzipien:<\/strong><\/span><\/p>\n<ul>\n<li>unser Kunde steht immer im Mittelpunkt unserer Bem\u00fchungen.<\/li>\n<li>wir behandeln unsere Kunden freundlich, zuvorkommend, respektvoll und ehrlich.<\/li>\n<li>wir stellen Kunden zur Erf\u00fcllung ihrer W\u00fcnsche unsere volle Aufmerksamkeit und Kompetenz zur Verf\u00fcgung.<\/li>\n<li>wir legen f\u00fcr unsere Kunden sehr viel Wert auf Sicherheit\/Flugsicherheit,<\/li>\n<li>das Einhalten von Rechtsvorschriften, Regularien und beh\u00f6rdliche Vorgaben sind f\u00fcr uns selbstverst\u00e4ndlich.<\/li>\n<\/ul>\n<p>[\/vc_column_text][\/vc_column][\/vc_row]<\/p>\n<\/section>","protected":false},"excerpt":{"rendered":"<p>[vc_row][vc_column][vc_column_text] &#8222;Umfassende und kompetente Dienstleistung f\u00fcr unsere Kunden&#8220; &nbsp; AT Aviation Services GmbH beabsichtigt, in Deutschland einer der f\u00fchrenden Anbieter umfassender Dienstleistungen im Bereich der Luftfahrt zu werden. &nbsp; AT Aviation Services GmbH versteht sich dabei als professioneller und kompetenter Partner unserer Kunden und stellt daf\u00fcr ein umfangreiches Dienstleistungsangebot bereit: Pilotendienstleistungen Flugausbildung, -weiterbildung, -pr\u00fcfung, Beratung&hellip;<\/p>\n","protected":false},"author":1,"featured_media":0,"parent":3890,"menu_order":0,"comment_status":"closed","ping_status":"closed","template":"","meta":{"footnotes":""},"class_list":["post-3884","page","type-page","status-publish","hentry","description-off"],"_links":{"self":[{"href":"https:\/\/www.at-aviation.de\/index.php\/wp-json\/wp\/v2\/pages\/3884","targetHints":{"allow":["GET"]}}],"collection":[{"href":"https:\/\/www.at-aviation.de\/index.php\/wp-json\/wp\/v2\/pages"}],"about":[{"href":"https:\/\/www.at-aviation.de\/index.php\/wp-json\/wp\/v2\/types\/page"}],"author":[{"embeddable":true,"href":"https:\/\/www.at-aviation.de\/index.php\/wp-json\/wp\/v2\/users\/1"}],"replies":[{"embeddable":true,"href":"https:\/\/www.at-aviation.de\/index.php\/wp-json\/wp\/v2\/comments?post=3884"}],"version-history":[{"count":22,"href":"https:\/\/www.at-aviation.de\/index.php\/wp-json\/wp\/v2\/pages\/3884\/revisions"}],"predecessor-version":[{"id":4234,"href":"https:\/\/www.at-aviation.de\/index.php\/wp-json\/wp\/v2\/pages\/3884\/revisions\/4234"}],"up":[{"embeddable":true,"href":"https:\/\/www.at-aviation.de\/index.php\/wp-json\/wp\/v2\/pages\/3890"}],"wp:attachment":[{"href":"https:\/\/www.at-aviation.de\/index.php\/wp-json\/wp\/v2\/media?parent=3884"}],"curies":[{"name":"wp","href":"https:\/\/api.w.org\/{rel}","templated":true}]}}