{"id":3876,"date":"2020-01-28T11:42:58","date_gmt":"2020-01-28T10:42:58","guid":{"rendered":"http:\/\/at-aviation.de\/wordpress\/?page_id=3876"},"modified":"2020-07-09T08:55:43","modified_gmt":"2020-07-09T07:55:43","slug":"flugdienstleistungen","status":"publish","type":"page","link":"https:\/\/www.at-aviation.de\/index.php\/leistungen\/flugdienstleistungen\/","title":{"rendered":"Flugdienstleistungen"},"content":{"rendered":"<section class=\"wpb-content-wrapper\"><p>[vc_row content_placement=&#8220;middle&#8220; css=&#8220;.vc_custom_1575390546273{padding-top: 55px !important;padding-bottom: 55px !important;}&#8220;][vc_column][vc_row_inner equal_height=&#8220;yes&#8220; content_placement=&#8220;top&#8220;][vc_column_inner width=&#8220;1\/2&#8243; css=&#8220;.vc_custom_1584788315476{margin-top: 30px !important;margin-right: 25px !important;margin-bottom: 30px !important;margin-left: 25px !important;padding-top: 40% !important;padding-bottom: 40% !important;background-image: url(https:\/\/www.at-aviation.de\/wp-content\/uploads\/2020\/01\/IMG_0358-scaled.jpg?id=3696) !important;background-position: center !important;background-repeat: no-repeat !important;background-size: cover !important;}&#8220;][\/vc_column_inner][vc_column_inner width=&#8220;1\/2&#8243; css=&#8220;.vc_custom_1575390506246{margin-top: 30px !important;margin-bottom: 30px !important;}&#8220;]<div id=\"ultimate-heading-905869f9f4733c7dd\" class=\"uvc-heading ult-adjust-bottom-margin ultimate-heading-905869f9f4733c7dd uvc-5239  uvc-heading-default-font-sizes\" data-hspacer=\"no_spacer\"  data-halign=\"left\" style=\"text-align:left\"><div class=\"uvc-heading-spacer no_spacer\" style=\"top\"><\/div><div class=\"uvc-main-heading ult-responsive\"  data-ultimate-target='.uvc-heading.ultimate-heading-905869f9f4733c7dd h3'  data-responsive-json-new='{\"font-size\":\"\",\"line-height\":\"\"}' ><h3 style=\"font-weight:bold;color:#148ba9;margin-bottom:20px;\">R\u00fcckholungen und \u00dcberf\u00fchrungen<\/h3><\/div><\/div>[vc_column_text]Sie haben ein Flugzeug gekauft und m\u00f6chten es zum Heimatflugplatz bringen lassen?<br \/>\nK\u00f6nnen und machen wir gern f\u00fcr Sie&#8230; Weltweit!<\/p>\n<p>Sie sind wegen Wetter, Technik oder Terminen gezwungen gewesen, Ihr Flugzeug stehen zu lassen?<br \/>\nDiese gute Entscheidung zu mehr Sicherheit sollen Sie nicht bereuen.<\/p>\n<p>Und wenn wir &#8222;Weltweit&#8220; sagen, dann ist das aufgrund unserer bisherigen fliegerischen T\u00e4tigkeit (fast immer) m\u00f6glich.[\/vc_column_text][\/vc_column_inner][\/vc_row_inner][vc_row_inner equal_height=&#8220;yes&#8220; content_placement=&#8220;top&#8220;][vc_column_inner width=&#8220;1\/2&#8243; css=&#8220;.vc_custom_1594281336787{margin-top: 30px !important;margin-bottom: 30px !important;background-position: center !important;background-repeat: no-repeat !important;background-size: contain !important;}&#8220;]<div id=\"ultimate-heading-305369f9f4733c80f\" class=\"uvc-heading ult-adjust-bottom-margin ultimate-heading-305369f9f4733c80f uvc-6435  uvc-heading-default-font-sizes\" data-hspacer=\"no_spacer\"  data-halign=\"left\" style=\"text-align:left\"><div class=\"uvc-heading-spacer no_spacer\" style=\"top\"><\/div><div class=\"uvc-main-heading ult-responsive\"  data-ultimate-target='.uvc-heading.ultimate-heading-305369f9f4733c80f h3'  data-responsive-json-new='{\"font-size\":\"\",\"line-height\":\"\"}' ><h3 style=\"font-weight:bold;color:#148ba9;margin-bottom:20px;\">Fliegerische Reisen<\/h3><\/div><\/div>[vc_column_text]Wir planen, bei Interesse Fliegerreisen durchzuf\u00fchren.<\/p>\n<p>Gemeinsame Fl\u00fcge ins Ausland&#8230; Von der Planung der einzelnen Legs \u00fcber die Buchung der Hotels bis zum Besorgen des n\u00f6tigen Equipments.<\/p>\n<p>Fragen Sie uns und schlie\u00dfen Sie sich uns an. Wir werden garantiert spitzen Erlebnisse haben und eine tolle Zeit miteinander genie\u00dfen.[\/vc_column_text][\/vc_column_inner][vc_column_inner width=&#8220;1\/2&#8243; css=&#8220;.vc_custom_1594281330809{margin-top: 30px !important;margin-bottom: 30px !important;background-position: center !important;background-repeat: no-repeat !important;background-size: contain !important;}&#8220;]<div id=\"ultimate-heading-153969f9f4733c82a\" class=\"uvc-heading ult-adjust-bottom-margin ultimate-heading-153969f9f4733c82a uvc-8812  uvc-heading-default-font-sizes\" data-hspacer=\"no_spacer\"  data-halign=\"left\" style=\"text-align:left\"><div class=\"uvc-heading-spacer no_spacer\" style=\"top\"><\/div><div class=\"uvc-main-heading ult-responsive\"  data-ultimate-target='.uvc-heading.ultimate-heading-153969f9f4733c82a h3'  data-responsive-json-new='{\"font-size\":\"\",\"line-height\":\"\"}' ><h3 style=\"font-weight:bold;color:#148ba9;margin-bottom:20px;\">Safety Pilot<\/h3><\/div><\/div>[vc_column_text]Sie m\u00f6chten in unbekannte Gefilde fliegen? Eine Alpen- oder Atlantik\u00fcberquerung? Aber Sie sind sich unsicher? Oder Sie haben dies noch nie gemacht?<\/p>\n<p>Zuerst einmal Gratulation zu Ihrem Mut, dies nicht kopf- und planlos anzugehen.<br \/>\nWir planen mit Ihnen dieses Vorhaben, trainieren mit Ihnen spezielle Anforderungen oder stellen Ihnen einen erfahrenen Piloten zur Seite, der Sie begleitet.[\/vc_column_text][\/vc_column_inner][\/vc_row_inner][\/vc_column][\/vc_row]<\/p>\n<\/section>","protected":false},"excerpt":{"rendered":"<p>[vc_row content_placement=&#8220;middle&#8220; css=&#8220;.vc_custom_1575390546273{padding-top: 55px !important;padding-bottom: 55px !important;}&#8220;][vc_column][vc_row_inner equal_height=&#8220;yes&#8220; content_placement=&#8220;top&#8220;][vc_column_inner width=&#8220;1\/2&#8243; css=&#8220;.vc_custom_1584788315476{margin-top: 30px !important;margin-right: 25px !important;margin-bottom: 30px !important;margin-left: 25px !important;padding-top: 40% !important;padding-bottom: 40% !important;background-image: url(https:\/\/www.at-aviation.de\/wp-content\/uploads\/2020\/01\/IMG_0358-scaled.jpg?id=3696) !important;background-position: center !important;background-repeat: no-repeat !important;background-size: cover !important;}&#8220;][\/vc_column_inner][vc_column_inner width=&#8220;1\/2&#8243; css=&#8220;.vc_custom_1575390506246{margin-top: 30px !important;margin-bottom: 30px !important;}&#8220;][vc_column_text]Sie haben ein Flugzeug gekauft und m\u00f6chten es zum Heimatflugplatz bringen lassen? K\u00f6nnen und machen wir gern f\u00fcr Sie&#8230;&hellip;<\/p>\n","protected":false},"author":1,"featured_media":0,"parent":3892,"menu_order":40,"comment_status":"closed","ping_status":"closed","template":"","meta":{"footnotes":""},"class_list":["post-3876","page","type-page","status-publish","hentry","description-off"],"_links":{"self":[{"href":"https:\/\/www.at-aviation.de\/index.php\/wp-json\/wp\/v2\/pages\/3876","targetHints":{"allow":["GET"]}}],"collection":[{"href":"https:\/\/www.at-aviation.de\/index.php\/wp-json\/wp\/v2\/pages"}],"about":[{"href":"https:\/\/www.at-aviation.de\/index.php\/wp-json\/wp\/v2\/types\/page"}],"author":[{"embeddable":true,"href":"https:\/\/www.at-aviation.de\/index.php\/wp-json\/wp\/v2\/users\/1"}],"replies":[{"embeddable":true,"href":"https:\/\/www.at-aviation.de\/index.php\/wp-json\/wp\/v2\/comments?post=3876"}],"version-history":[{"count":12,"href":"https:\/\/www.at-aviation.de\/index.php\/wp-json\/wp\/v2\/pages\/3876\/revisions"}],"predecessor-version":[{"id":4305,"href":"https:\/\/www.at-aviation.de\/index.php\/wp-json\/wp\/v2\/pages\/3876\/revisions\/4305"}],"up":[{"embeddable":true,"href":"https:\/\/www.at-aviation.de\/index.php\/wp-json\/wp\/v2\/pages\/3892"}],"wp:attachment":[{"href":"https:\/\/www.at-aviation.de\/index.php\/wp-json\/wp\/v2\/media?parent=3876"}],"curies":[{"name":"wp","href":"https:\/\/api.w.org\/{rel}","templated":true}]}}