{"id":3872,"date":"2020-01-28T11:42:08","date_gmt":"2020-01-28T10:42:08","guid":{"rendered":"http:\/\/at-aviation.de\/wordpress\/?page_id=3872"},"modified":"2020-07-09T08:58:39","modified_gmt":"2020-07-09T07:58:39","slug":"beratung","status":"publish","type":"page","link":"https:\/\/www.at-aviation.de\/index.php\/leistungen\/beratung\/","title":{"rendered":"Beratung"},"content":{"rendered":"<section class=\"wpb-content-wrapper\"><p>[vc_row content_placement=&#8220;middle&#8220; css=&#8220;.vc_custom_1575390546273{padding-top: 55px !important;padding-bottom: 55px !important;}&#8220;][vc_column][vc_row_inner equal_height=&#8220;yes&#8220; content_placement=&#8220;middle&#8220;][vc_column_inner width=&#8220;1\/2&#8243; css=&#8220;.vc_custom_1584788217710{margin-top: 30px !important;margin-right: 25px !important;margin-bottom: 30px !important;margin-left: 25px !important;padding-top: 40% !important;padding-bottom: 40% !important;background-image: url(https:\/\/www.at-aviation.de\/wp-content\/uploads\/2020\/01\/ce0a03ad-e3db-4776-9f98-7fb15564dc97.jpg?id=3741) !important;background-position: center !important;background-repeat: no-repeat !important;background-size: cover !important;}&#8220;][\/vc_column_inner][vc_column_inner width=&#8220;1\/2&#8243; css=&#8220;.vc_custom_1575390506246{margin-top: 30px !important;margin-bottom: 30px !important;}&#8220;]<div id=\"ultimate-heading-421969f9f492eaa85\" class=\"uvc-heading ult-adjust-bottom-margin ultimate-heading-421969f9f492eaa85 uvc-8985  uvc-heading-default-font-sizes\" data-hspacer=\"no_spacer\"  data-halign=\"left\" style=\"text-align:left\"><div class=\"uvc-heading-spacer no_spacer\" style=\"top\"><\/div><div class=\"uvc-main-heading ult-responsive\"  data-ultimate-target='.uvc-heading.ultimate-heading-421969f9f492eaa85 h3'  data-responsive-json-new='{\"font-size\":\"\",\"line-height\":\"\"}' ><h3 style=\"font-weight:bold;color:#148ba9;margin-bottom:20px;\">Beratung<\/h3><\/div><div class=\"uvc-sub-heading ult-responsive\"  data-ultimate-target='.uvc-heading.ultimate-heading-421969f9f492eaa85 .uvc-sub-heading '  data-responsive-json-new='{\"font-size\":\"desktop:34px;\",\"line-height\":\"desktop:44px;\"}'  style=\"font-weight:bold;color:#222222;margin-bottom:30px;\"><\/p>\n<h5>Ob Sie ein Flugzeug kaufen, verkaufen, bewerten oder technisch umr\u00fcsten wollen &#8211; wir sind Ihr kompetenter Ansprechpartner.<\/h5>\n<p><\/div><\/div>[vc_column_text]<\/p>\n<div class=\"col-md-12\">\n<div class=\"project-content mt-50\">\n<p>Jeder Mensch hat Bed\u00fcrfnisse. So auch Sie. Sie m\u00f6chten z.B. fliegen lernen? Wenn Sie jetzt aber nicht wissen, was am Besten zu Ihnen passt,<br \/>\nk\u00f6nnen Sie entweder Gl\u00fcck haben und das Richtige w\u00e4hlen, oder Sie fragen jemanden, der sich damit auskennt.<br \/>\nOder Sie m\u00f6chten sich ein Flugzeug kaufen. Wenn Sie auf eigene Faust das Falsche kaufen, haben Sie im besten Fall nur etwas Geld verloren.<br \/>\nEgal bei welchem Anliegen, wenn Sie sich nicht auskennen und keine Hilfe haben, ist die Chance, das etwas schief geht sehr gro\u00df.<br \/>\nDeshalb bieten wir Ihnen Beratung in den verschiedensten Bereichen der Fliegerei.<\/p>\n<\/div>\n<\/div>\n<p>[\/vc_column_text][\/vc_column_inner][\/vc_row_inner][\/vc_column][\/vc_row][vc_row content_placement=&#8220;middle&#8220; css=&#8220;.vc_custom_1580204287829{padding-top: 55px !important;padding-bottom: 55px !important;}&#8220;][vc_column][vc_row_inner equal_height=&#8220;yes&#8220; content_placement=&#8220;top&#8220; el_class=&#8220;phone-reverse-col&#8220;][vc_column_inner width=&#8220;1\/2&#8243; css=&#8220;.vc_custom_1594281516520{margin-top: 30px !important;margin-bottom: 30px !important;background-position: center !important;background-repeat: no-repeat !important;background-size: contain !important;}&#8220;]<div id=\"ultimate-heading-952069f9f492eaab5\" class=\"uvc-heading ult-adjust-bottom-margin ultimate-heading-952069f9f492eaab5 uvc-5333  uvc-heading-default-font-sizes\" data-hspacer=\"no_spacer\"  data-halign=\"left\" style=\"text-align:left\"><div class=\"uvc-heading-spacer no_spacer\" style=\"top\"><\/div><div class=\"uvc-main-heading ult-responsive\"  data-ultimate-target='.uvc-heading.ultimate-heading-952069f9f492eaab5 h3'  data-responsive-json-new='{\"font-size\":\"\",\"line-height\":\"\"}' ><h3 style=\"font-weight:bold;color:#148ba9;margin-bottom:20px;\">Beratung und Unterst\u00fctzung beim\/zum Flugzeugan- und -verkauf<\/h3><\/div><\/div>[vc_column_text]Sie m\u00f6chten ein Flugzeug kaufen? Sehr gut. Wenn Sie hier falsche Entscheidungen treffen, k\u00f6nnen Sie sehr viel Geld verlieren.<br \/>\nDaher bieten wir Ihnen Unterst\u00fctzung an. Sprechen Sie mit uns. Wir ermitteln Ihren Bedarf und unterst\u00fctzen bei der Anschaffung.<\/p>\n<p>M\u00f6chten Sie z.B. gesch\u00e4ftlich innerhalb Europas fliegen? Mit mehreren Personen? Dann brauchen Sie ein ganz anderes Flugzeugmuster,<br \/>\nals wenn Sie nur privat und am Wochenende innerhalb Deutschlands fliegen m\u00f6chten.<\/p>\n<p>Wenn Sie Ihr Wunschflugzeug schon gefunden haben: Wir wissen, was Sie zu welchem Preis kaufen k\u00f6nnen. Oder wir helfen Ihnen bei der Suche<br \/>\nnach Ihrem Traumflieger.<\/p>\n<p>Aber nicht nur beim Kaufen, wir unterst\u00fctzen Sie auch beim Verkauf Ihrer Maschine, damit Sie einen angemessenen Wert daf\u00fcr erhalten.[\/vc_column_text][\/vc_column_inner][vc_column_inner width=&#8220;1\/2&#8243; css=&#8220;.vc_custom_1594281510580{margin-top: 30px !important;margin-bottom: 30px !important;background-position: center !important;background-repeat: no-repeat !important;background-size: contain !important;}&#8220;]<div id=\"ultimate-heading-274469f9f492eaad1\" class=\"uvc-heading ult-adjust-bottom-margin ultimate-heading-274469f9f492eaad1 uvc-2013  uvc-heading-default-font-sizes\" data-hspacer=\"no_spacer\"  data-halign=\"left\" style=\"text-align:left\"><div class=\"uvc-heading-spacer no_spacer\" style=\"top\"><\/div><div class=\"uvc-main-heading ult-responsive\"  data-ultimate-target='.uvc-heading.ultimate-heading-274469f9f492eaad1 h3'  data-responsive-json-new='{\"font-size\":\"\",\"line-height\":\"\"}' ><h3 style=\"font-weight:bold;color:#148ba9;margin-bottom:20px;\">Unterst\u00fctzung durch Pre-Buy Inspektionen<\/h3><\/div><\/div>[vc_column_text]Wenn Sie Ihr Wunschflugzeug\/-modell gefunden und Sie es auf dem freien Markt gesehen haben,<br \/>\nhalten Sie einen Moment inne. Denn vor dem Kauf sollten Sie eine Pre-Buy Inspektion durchf\u00fchren lassen.Technisch wie fliegerisch.<\/p>\n<p>Ist der Flieger in Ordnung? Hat dieser M\u00e4ngel, die Sie m\u00f6glicherweise auf den ersten Blick nicht erkennen k\u00f6nnen?<\/p>\n<p>Wir schauen uns mit Ihnen zusammen die Maschine an, untersuchen sie auf Herz und Nieren. Auch die Papiere und Unterlagen m\u00fcssen sorgf\u00e4ltig begutachtet werden.<\/p>\n<p>All dies bewahrt Sie vor teuren Fehlern. Unsere erfahrenen Experten stehen Ihnen sehr gern zur Seite.[\/vc_column_text][\/vc_column_inner][\/vc_row_inner][vc_row_inner equal_height=&#8220;yes&#8220; content_placement=&#8220;top&#8220; el_class=&#8220;phone-reverse-col&#8220;][vc_column_inner width=&#8220;1\/2&#8243; css=&#8220;.vc_custom_1594281497658{margin-top: 30px !important;margin-bottom: 30px !important;background-position: center !important;background-repeat: no-repeat !important;background-size: contain !important;}&#8220;]<div id=\"ultimate-heading-668269f9f492eaae9\" class=\"uvc-heading ult-adjust-bottom-margin ultimate-heading-668269f9f492eaae9 uvc-602  uvc-heading-default-font-sizes\" data-hspacer=\"no_spacer\"  data-halign=\"left\" style=\"text-align:left\"><div class=\"uvc-heading-spacer no_spacer\" style=\"top\"><\/div><div class=\"uvc-main-heading ult-responsive\"  data-ultimate-target='.uvc-heading.ultimate-heading-668269f9f492eaae9 h3'  data-responsive-json-new='{\"font-size\":\"\",\"line-height\":\"\"}' ><h3 style=\"font-weight:bold;color:#148ba9;margin-bottom:20px;\">Beratung im Bereich fliegerische Lizenzen, Berechtigungen und Ausbildung<\/h3><\/div><\/div>[vc_column_text]Sie haben noch keine Lizenz, m\u00f6chten aber fliegen lernen. Treffen Sie jetzt die falsche Entscheidung und w\u00e4hlen die falsche Lizenz,<br \/>\nk\u00f6nnen Sie schnell in eine Sackgasse geraten.<\/p>\n<p>Sie haben eine Lizenz und m\u00f6chten sich gerne weiterentwickeln? Auch hierbei stehen Ihnen verschiedene Wege offen, die wir gern mit Ihnen<br \/>\nzusammen betrachten m\u00f6chten.<\/p>\n<p>Oder Sie haben Probleme mit Ihrer beruflichen Lizenz? Wir helfen Ihnen gerne diese zu l\u00f6sen. Denn schlie\u00dflich geht es um Ihre Existenz.[\/vc_column_text][\/vc_column_inner][vc_column_inner width=&#8220;1\/2&#8243; css=&#8220;.vc_custom_1594281503336{margin-top: 30px !important;margin-bottom: 30px !important;background-position: center !important;background-repeat: no-repeat !important;background-size: contain !important;}&#8220;]<div id=\"ultimate-heading-722869f9f492eab01\" class=\"uvc-heading ult-adjust-bottom-margin ultimate-heading-722869f9f492eab01 uvc-6240  uvc-heading-default-font-sizes\" data-hspacer=\"no_spacer\"  data-halign=\"left\" style=\"text-align:left\"><div class=\"uvc-heading-spacer no_spacer\" style=\"top\"><\/div><div class=\"uvc-main-heading ult-responsive\"  data-ultimate-target='.uvc-heading.ultimate-heading-722869f9f492eab01 h3'  data-responsive-json-new='{\"font-size\":\"\",\"line-height\":\"\"}' ><h3 style=\"font-weight:bold;color:#148ba9;margin-bottom:20px;\">Erstellung von Handb\u00fcchern, Ausbildungspublikationen und Unterrichtsmaterialien<\/h3><\/div><\/div>[vc_column_text]Sie arbeiten bereits im professionellen Umfeld der Fliegerei? Dann kennen Sie den allgegenw\u00e4rtigen Kampf mit den Beh\u00f6rden.<br \/>\nHandb\u00fccher m\u00fcssen angepasst, Unterrichtsmaterialien auf den neuesten Stand gebracht werden. Ob in Ihrer Flugschule oder in Ihrem Verein,<br \/>\nwir kennen und verstehen Ihre Probleme.[\/vc_column_text][\/vc_column_inner][\/vc_row_inner][vc_row_inner equal_height=&#8220;yes&#8220; content_placement=&#8220;top&#8220; el_class=&#8220;phone-reverse-col&#8220;][vc_column_inner width=&#8220;1\/2&#8243; css=&#8220;.vc_custom_1594281492280{margin-top: 30px !important;margin-bottom: 30px !important;background-position: center !important;background-repeat: no-repeat !important;background-size: contain !important;}&#8220;]<div id=\"ultimate-heading-42169f9f492eab18\" class=\"uvc-heading ult-adjust-bottom-margin ultimate-heading-42169f9f492eab18 uvc-5183  uvc-heading-default-font-sizes\" data-hspacer=\"no_spacer\"  data-halign=\"left\" style=\"text-align:left\"><div class=\"uvc-heading-spacer no_spacer\" style=\"top\"><\/div><div class=\"uvc-main-heading ult-responsive\"  data-ultimate-target='.uvc-heading.ultimate-heading-42169f9f492eab18 h3'  data-responsive-json-new='{\"font-size\":\"\",\"line-height\":\"\"}' ><h3 style=\"font-weight:bold;color:#148ba9;margin-bottom:20px;\">Unterst\u00fctzung bei der An- bzw. Ummeldung von Luftfahrzeugen<\/h3><\/div><\/div>[vc_column_text]Egal, ob Sie ein neues oder gebrauchtes Flugzeug erworben haben oder es weltweit umregistrieren m\u00f6chten,<br \/>\nauch dies \u00fcbernehmen wir gern f\u00fcr Sie.[\/vc_column_text][\/vc_column_inner][vc_column_inner width=&#8220;1\/2&#8243; css=&#8220;.vc_custom_1594281486641{margin-top: 30px !important;margin-bottom: 30px !important;background-position: center !important;background-repeat: no-repeat !important;background-size: contain !important;}&#8220;]<div id=\"ultimate-heading-673169f9f492eab2e\" class=\"uvc-heading ult-adjust-bottom-margin ultimate-heading-673169f9f492eab2e uvc-6898  uvc-heading-default-font-sizes\" data-hspacer=\"no_spacer\"  data-halign=\"left\" style=\"text-align:left\"><div class=\"uvc-heading-spacer no_spacer\" style=\"top\"><\/div><div class=\"uvc-main-heading ult-responsive\"  data-ultimate-target='.uvc-heading.ultimate-heading-673169f9f492eab2e h3'  data-responsive-json-new='{\"font-size\":\"\",\"line-height\":\"\"}' ><h3 style=\"font-weight:bold;color:#148ba9;margin-bottom:20px;\">Wertermittlung von Flugzeugen<\/h3><\/div><\/div>[vc_column_text]Mit uns k\u00f6nnen Sie nicht nur Ihr neues Flugzeug kaufen oder verkaufen, wir sind in der Lage, Ihnen professionell den Wert Ihrer<br \/>\nMaschine(n) zu ermitteln.[\/vc_column_text][\/vc_column_inner][\/vc_row_inner][\/vc_column][\/vc_row][vc_row][vc_column][vc_empty_space][\/vc_column][\/vc_row]<\/p>\n<\/section>","protected":false},"excerpt":{"rendered":"<p>[vc_row content_placement=&#8220;middle&#8220; css=&#8220;.vc_custom_1575390546273{padding-top: 55px !important;padding-bottom: 55px !important;}&#8220;][vc_column][vc_row_inner equal_height=&#8220;yes&#8220; content_placement=&#8220;middle&#8220;][vc_column_inner width=&#8220;1\/2&#8243; css=&#8220;.vc_custom_1584788217710{margin-top: 30px !important;margin-right: 25px !important;margin-bottom: 30px !important;margin-left: 25px !important;padding-top: 40% !important;padding-bottom: 40% !important;background-image: url(https:\/\/www.at-aviation.de\/wp-content\/uploads\/2020\/01\/ce0a03ad-e3db-4776-9f98-7fb15564dc97.jpg?id=3741) !important;background-position: center !important;background-repeat: no-repeat !important;background-size: cover !important;}&#8220;][\/vc_column_inner][vc_column_inner width=&#8220;1\/2&#8243; css=&#8220;.vc_custom_1575390506246{margin-top: 30px !important;margin-bottom: 30px !important;}&#8220;][vc_column_text] Jeder Mensch hat Bed\u00fcrfnisse. So auch Sie. Sie m\u00f6chten z.B. fliegen lernen? Wenn Sie jetzt aber nicht wissen,&hellip;<\/p>\n","protected":false},"author":1,"featured_media":0,"parent":3892,"menu_order":40,"comment_status":"closed","ping_status":"closed","template":"","meta":{"footnotes":""},"class_list":["post-3872","page","type-page","status-publish","hentry","description-off"],"_links":{"self":[{"href":"https:\/\/www.at-aviation.de\/index.php\/wp-json\/wp\/v2\/pages\/3872","targetHints":{"allow":["GET"]}}],"collection":[{"href":"https:\/\/www.at-aviation.de\/index.php\/wp-json\/wp\/v2\/pages"}],"about":[{"href":"https:\/\/www.at-aviation.de\/index.php\/wp-json\/wp\/v2\/types\/page"}],"author":[{"embeddable":true,"href":"https:\/\/www.at-aviation.de\/index.php\/wp-json\/wp\/v2\/users\/1"}],"replies":[{"embeddable":true,"href":"https:\/\/www.at-aviation.de\/index.php\/wp-json\/wp\/v2\/comments?post=3872"}],"version-history":[{"count":21,"href":"https:\/\/www.at-aviation.de\/index.php\/wp-json\/wp\/v2\/pages\/3872\/revisions"}],"predecessor-version":[{"id":4307,"href":"https:\/\/www.at-aviation.de\/index.php\/wp-json\/wp\/v2\/pages\/3872\/revisions\/4307"}],"up":[{"embeddable":true,"href":"https:\/\/www.at-aviation.de\/index.php\/wp-json\/wp\/v2\/pages\/3892"}],"wp:attachment":[{"href":"https:\/\/www.at-aviation.de\/index.php\/wp-json\/wp\/v2\/media?parent=3872"}],"curies":[{"name":"wp","href":"https:\/\/api.w.org\/{rel}","templated":true}]}}