{"id":3870,"date":"2020-01-28T11:41:28","date_gmt":"2020-01-28T10:41:28","guid":{"rendered":"http:\/\/at-aviation.de\/wordpress\/?page_id=3870"},"modified":"2020-07-09T09:00:14","modified_gmt":"2020-07-09T08:00:14","slug":"pruefung","status":"publish","type":"page","link":"https:\/\/www.at-aviation.de\/index.php\/leistungen\/pruefung\/","title":{"rendered":"Pr\u00fcfung"},"content":{"rendered":"<section class=\"wpb-content-wrapper\"><p>[vc_row content_placement=&#8220;middle&#8220; css=&#8220;.vc_custom_1575390546273{padding-top: 55px !important;padding-bottom: 55px !important;}&#8220;][vc_column][vc_row_inner equal_height=&#8220;yes&#8220; content_placement=&#8220;middle&#8220;][vc_column_inner width=&#8220;1\/2&#8243; css=&#8220;.vc_custom_1584788160124{margin-top: 30px !important;margin-right: 25px !important;margin-bottom: 30px !important;margin-left: 25px !important;padding-top: 40% !important;padding-bottom: 40% !important;background-image: url(https:\/\/www.at-aviation.de\/wp-content\/uploads\/2020\/01\/ft_sprechfunk_thm.jpg?id=3774) !important;background-position: center !important;background-repeat: no-repeat !important;background-size: cover !important;}&#8220;][\/vc_column_inner][vc_column_inner width=&#8220;1\/2&#8243; css=&#8220;.vc_custom_1575390506246{margin-top: 30px !important;margin-bottom: 30px !important;}&#8220;]<div id=\"ultimate-heading-955969f9f4926d621\" class=\"uvc-heading ult-adjust-bottom-margin ultimate-heading-955969f9f4926d621 uvc-9470  uvc-heading-default-font-sizes\" data-hspacer=\"no_spacer\"  data-halign=\"left\" style=\"text-align:left\"><div class=\"uvc-heading-spacer no_spacer\" style=\"top\"><\/div><div class=\"uvc-main-heading ult-responsive\"  data-ultimate-target='.uvc-heading.ultimate-heading-955969f9f4926d621 h3'  data-responsive-json-new='{\"font-size\":\"\",\"line-height\":\"\"}' ><h3 style=\"font-weight:bold;color:#148ba9;margin-bottom:20px;\">Pr\u00fcfung<\/h3><\/div><div class=\"uvc-sub-heading ult-responsive\"  data-ultimate-target='.uvc-heading.ultimate-heading-955969f9f4926d621 .uvc-sub-heading '  data-responsive-json-new='{\"font-size\":\"desktop:34px;\",\"line-height\":\"desktop:44px;\"}'  style=\"font-weight:bold;color:#222222;margin-bottom:30px;\"><\/p>\n<h5>Checkfl\u00fcge, Sprachpr\u00fcfungen, Lizenzerhalt &#8211; Nicht nur Lehren, auch die anschlie\u00dfende Abnahme geh\u00f6rt zu unserem Repertoire.<\/h5>\n<p><\/div><\/div>[vc_column_text]<\/p>\n<div class=\"col-md-12\">\n<div class=\"project-content mt-50\">\n<p>Pr\u00fcfungen sind ein wichtiger Bestandteil unseres Lebens. Sei es in der Schule, im Studium oder im Beruf. Wir wissen das nur zu gut. Egal, ob Sie nun das Fliegen als Ihr Hobby praktizieren oder aus beruflichen Gr\u00fcnden: Auch hier geh\u00f6ren Pr\u00fcfungen dazu. Allerdings wollen wir diese nicht unn\u00f6tig schwer machen. Daher nehmen wir Ihre Pr\u00fcfungen in einem ruhigen und stressfreien Umfeld ab, so dass Sie sich ganz auf Ihr Wissen konzentrieren k\u00f6nnen. Sie werden sehen: auch Pr\u00fcfungen k\u00f6nnen Spa\u00df machen.<\/p>\n<\/div>\n<\/div>\n<p>[\/vc_column_text][\/vc_column_inner][\/vc_row_inner][\/vc_column][\/vc_row][vc_row content_placement=&#8220;middle&#8220; css=&#8220;.vc_custom_1580204287829{padding-top: 55px !important;padding-bottom: 55px !important;}&#8220;][vc_column][vc_row_inner equal_height=&#8220;yes&#8220; content_placement=&#8220;top&#8220; el_class=&#8220;phone-reverse-col&#8220;][vc_column_inner width=&#8220;1\/2&#8243; css=&#8220;.vc_custom_1594281605224{margin-top: 30px !important;margin-bottom: 30px !important;background-position: center !important;background-repeat: no-repeat !important;background-size: contain !important;}&#8220;]<div id=\"ultimate-heading-409469f9f4926d660\" class=\"uvc-heading ult-adjust-bottom-margin ultimate-heading-409469f9f4926d660 uvc-7385  uvc-heading-default-font-sizes\" data-hspacer=\"no_spacer\"  data-halign=\"left\" style=\"text-align:left\"><div class=\"uvc-heading-spacer no_spacer\" style=\"top\"><\/div><div class=\"uvc-main-heading ult-responsive\"  data-ultimate-target='.uvc-heading.ultimate-heading-409469f9f4926d660 h3'  data-responsive-json-new='{\"font-size\":\"\",\"line-height\":\"\"}' ><h3 style=\"font-weight:bold;color:#148ba9;margin-bottom:20px;\">Vorbereitungskurse Englisch ICAO Level<\/h3><\/div><\/div>[vc_column_text]Zus\u00e4tzlich zum\u00a0BZF I,\u00a0BZF II\u00a0und\u00a0AZF wird seit 2008 ein Nachweis der Sprachkenntnisse gefordert, wenn Sie englisch funken m\u00fcssen oder wollen, sei es IFR oder VFR. Laut \u00a7125 LuftPersV bed\u00fcrfen Inhaber einer Lizenz zum F\u00fchren von Luftfahrzeugen die am Sprechfunkverkehr im Flugfunkdienst teilnehmen, ausreichende Kenntnisse der Sprache, in der Sprechfunkverkehr abgewickelt wird, oder der englischen Sprache.<\/p>\n<p>Man fragt sich warum das Ganze, wenn Sie doch schon ein BZF I oder AZF haben. Der Unterschied ist simpel: Einmal geht es um vorgegebene Sprechgruppen, das andere Mal um das freie Sprechen. Bei den Pr\u00fcfungen zum Erwerb von Funksprechzeugnissen wird ausschlie\u00dflich die F\u00e4higkeit zur standardisierten Anwendung einer relativ kleinen Anzahl von (Verfahrens-) Sprechgruppen \u00fcberpr\u00fcft. Bei der Sprachpr\u00fcfung wird die F\u00e4higkeit zur kreativen Anwendung einer Sprache bewertet. Es geht darum, effektiv zu kommunizieren, sowohl bei rein akustischem Kontakt (Funk\/Telefon) als auch mit einem anwesenden Gespr\u00e4chspartner; pr\u00e4zise und deutlich \u00fcber allt\u00e4gliche und arbeitsbezogene Themen zu kommunizieren, Missverst\u00e4ndnisse zu erkennen und zu beseitigen und in einem Dialekt oder Akzent zu sprechen, der in Luftfahrtkreisen verstanden wird, auch und besonders dann, wenn etwas Unvorhergesehenes passiert.<\/p>\n<p>Daher bereiten wir Sie zielgerichtet auf die Sprachpr\u00fcfung vor, die wir im \u00dcbrigen direkt im Anschluss auch abnehmen d\u00fcrfen.[\/vc_column_text][\/vc_column_inner][vc_column_inner width=&#8220;1\/2&#8243; css=&#8220;.vc_custom_1594281610768{margin-top: 30px !important;margin-bottom: 30px !important;background-position: center !important;background-repeat: no-repeat !important;background-size: contain !important;}&#8220;]<div id=\"ultimate-heading-915569f9f4926d67b\" class=\"uvc-heading ult-adjust-bottom-margin ultimate-heading-915569f9f4926d67b uvc-7268  uvc-heading-default-font-sizes\" data-hspacer=\"no_spacer\"  data-halign=\"left\" style=\"text-align:left\"><div class=\"uvc-heading-spacer no_spacer\" style=\"top\"><\/div><div class=\"uvc-main-heading ult-responsive\"  data-ultimate-target='.uvc-heading.ultimate-heading-915569f9f4926d67b h3'  data-responsive-json-new='{\"font-size\":\"\",\"line-height\":\"\"}' ><h3 style=\"font-weight:bold;color:#148ba9;margin-bottom:20px;\">Sprachpr\u00fcfungen Englisch ICAO Level<\/h3><\/div><\/div>[vc_column_text]Jeder Inhaber einer deutschen Lizenz, der im deutschsprachigen Luftraum oder im nicht deutschsprachigen Ausland in Englisch funken will, braucht einen englischen Spracheintrag, Minimum Level 4, in seiner Lizenz. Es gibt dar\u00fcber hinaus noch Level 5 und den H\u00f6chstlevel 6. Au\u00dfer bei Level 6 (lebenslang), m\u00fcssen die Level 4 (G\u00fcltigkeit 4 Jahre) und Level 5 (G\u00fcltigkeit 6 Jahre) entsprechend verl\u00e4ngert werden. Diese Verl\u00e4ngerung muss sp\u00e4testens bis zum Ablaufdatum erfolgen. Ansonsten f\u00e4llt eine erneute, umfangreichere Erstpr\u00fcfung an.<\/p>\n<p>Wir d\u00fcrfen bis Englisch Level 5 pr\u00fcfen.[\/vc_column_text][\/vc_column_inner][\/vc_row_inner][vc_row_inner equal_height=&#8220;yes&#8220; content_placement=&#8220;top&#8220; el_class=&#8220;phone-reverse-col&#8220;][vc_column_inner width=&#8220;1\/2&#8243; css=&#8220;.vc_custom_1594281593892{margin-top: 30px !important;margin-bottom: 30px !important;background-position: center !important;background-repeat: no-repeat !important;background-size: contain !important;}&#8220;][\/vc_column_inner][vc_column_inner width=&#8220;1\/2&#8243; css=&#8220;.vc_custom_1594281597852{margin-top: 30px !important;margin-bottom: 30px !important;background-position: center !important;background-repeat: no-repeat !important;background-size: contain !important;}&#8220;]<div id=\"ultimate-heading-343069f9f4926d692\" class=\"uvc-heading ult-adjust-bottom-margin ultimate-heading-343069f9f4926d692 uvc-4953  uvc-heading-default-font-sizes\" data-hspacer=\"no_spacer\"  data-halign=\"left\" style=\"text-align:left\"><div class=\"uvc-heading-spacer no_spacer\" style=\"top\"><\/div><div class=\"uvc-main-heading ult-responsive\"  data-ultimate-target='.uvc-heading.ultimate-heading-343069f9f4926d692 h3'  data-responsive-json-new='{\"font-size\":\"\",\"line-height\":\"\"}' ><h3 style=\"font-weight:bold;color:#148ba9;margin-bottom:20px;\">Checkfl\u00fcge<\/h3><\/div><\/div>[vc_column_text]Theoretische und fliegerische \u00dcberpr\u00fcfungen bzw. Checkfl\u00fcge f\u00fcr den Erwerb, die Verl\u00e4ngerung oder Erneuerung fliegerischer Erlaubnisse und Berechtigungen.<\/p>\n<p style=\"padding-left: 40px;\">Pr\u00fcfungen und \u00dcberpr\u00fcfungen f\u00fcr<br \/>\nErlaubnisse: CPL (A), \u00a0PPL (A), LAPL (A)<br \/>\nBerechtigungen: IR, CB-IR, FI (A), FII (A), \u00a0FI-IR (A)<br \/>\nKlassenberechtigungen: CR SEP (A), MEP (A), TBM SET, PA-46 SET, TMG<\/p>\n<p>SEN-Examiner Checks f\u00fcr Pr\u00fcfberechtigungen wie oben[\/vc_column_text][\/vc_column_inner][\/vc_row_inner][vc_empty_space][\/vc_column][\/vc_row]<\/p>\n<\/section>","protected":false},"excerpt":{"rendered":"<p>[vc_row content_placement=&#8220;middle&#8220; css=&#8220;.vc_custom_1575390546273{padding-top: 55px !important;padding-bottom: 55px !important;}&#8220;][vc_column][vc_row_inner equal_height=&#8220;yes&#8220; content_placement=&#8220;middle&#8220;][vc_column_inner width=&#8220;1\/2&#8243; css=&#8220;.vc_custom_1584788160124{margin-top: 30px !important;margin-right: 25px !important;margin-bottom: 30px !important;margin-left: 25px !important;padding-top: 40% !important;padding-bottom: 40% !important;background-image: url(https:\/\/www.at-aviation.de\/wp-content\/uploads\/2020\/01\/ft_sprechfunk_thm.jpg?id=3774) !important;background-position: center !important;background-repeat: no-repeat !important;background-size: cover !important;}&#8220;][\/vc_column_inner][vc_column_inner width=&#8220;1\/2&#8243; css=&#8220;.vc_custom_1575390506246{margin-top: 30px !important;margin-bottom: 30px !important;}&#8220;][vc_column_text] Pr\u00fcfungen sind ein wichtiger Bestandteil unseres Lebens. Sei es in der Schule, im Studium oder im Beruf. Wir&hellip;<\/p>\n","protected":false},"author":1,"featured_media":0,"parent":3892,"menu_order":40,"comment_status":"closed","ping_status":"closed","template":"","meta":{"footnotes":""},"class_list":["post-3870","page","type-page","status-publish","hentry","description-off"],"_links":{"self":[{"href":"https:\/\/www.at-aviation.de\/index.php\/wp-json\/wp\/v2\/pages\/3870","targetHints":{"allow":["GET"]}}],"collection":[{"href":"https:\/\/www.at-aviation.de\/index.php\/wp-json\/wp\/v2\/pages"}],"about":[{"href":"https:\/\/www.at-aviation.de\/index.php\/wp-json\/wp\/v2\/types\/page"}],"author":[{"embeddable":true,"href":"https:\/\/www.at-aviation.de\/index.php\/wp-json\/wp\/v2\/users\/1"}],"replies":[{"embeddable":true,"href":"https:\/\/www.at-aviation.de\/index.php\/wp-json\/wp\/v2\/comments?post=3870"}],"version-history":[{"count":19,"href":"https:\/\/www.at-aviation.de\/index.php\/wp-json\/wp\/v2\/pages\/3870\/revisions"}],"predecessor-version":[{"id":4308,"href":"https:\/\/www.at-aviation.de\/index.php\/wp-json\/wp\/v2\/pages\/3870\/revisions\/4308"}],"up":[{"embeddable":true,"href":"https:\/\/www.at-aviation.de\/index.php\/wp-json\/wp\/v2\/pages\/3892"}],"wp:attachment":[{"href":"https:\/\/www.at-aviation.de\/index.php\/wp-json\/wp\/v2\/media?parent=3870"}],"curies":[{"name":"wp","href":"https:\/\/api.w.org\/{rel}","templated":true}]}}