{"id":3867,"date":"2020-01-28T11:40:29","date_gmt":"2020-01-28T10:40:29","guid":{"rendered":"http:\/\/at-aviation.de\/wordpress\/?page_id=3867"},"modified":"2020-07-09T09:01:16","modified_gmt":"2020-07-09T08:01:16","slug":"weiterbildung","status":"publish","type":"page","link":"https:\/\/www.at-aviation.de\/index.php\/leistungen\/weiterbildung\/","title":{"rendered":"Weiterbildung"},"content":{"rendered":"<section class=\"wpb-content-wrapper\"><p>[vc_row content_placement=&#8220;middle&#8220; css=&#8220;.vc_custom_1575390546273{padding-top: 55px !important;padding-bottom: 55px !important;}&#8220;][vc_column][vc_row_inner equal_height=&#8220;yes&#8220; content_placement=&#8220;middle&#8220;][vc_column_inner width=&#8220;1\/2&#8243; css=&#8220;.vc_custom_1584788114562{margin-top: 30px !important;margin-right: 25px !important;margin-bottom: 30px !important;margin-left: 25px !important;padding-top: 40% !important;padding-bottom: 40% !important;background-image: url(https:\/\/www.at-aviation.de\/wp-content\/uploads\/2020\/03\/at-aviation_jd-hd_200212_3374.jpg?id=4208) !important;background-position: center !important;background-repeat: no-repeat !important;background-size: cover !important;}&#8220;][\/vc_column_inner][vc_column_inner width=&#8220;1\/2&#8243; css=&#8220;.vc_custom_1575390506246{margin-top: 30px !important;margin-bottom: 30px !important;}&#8220;]<div id=\"ultimate-heading-365369e001e9d4778\" class=\"uvc-heading ult-adjust-bottom-margin ultimate-heading-365369e001e9d4778 uvc-2297  uvc-heading-default-font-sizes\" data-hspacer=\"no_spacer\"  data-halign=\"left\" style=\"text-align:left\"><div class=\"uvc-heading-spacer no_spacer\" style=\"top\"><\/div><div class=\"uvc-main-heading ult-responsive\"  data-ultimate-target='.uvc-heading.ultimate-heading-365369e001e9d4778 h3'  data-responsive-json-new='{\"font-size\":\"\",\"line-height\":\"\"}' ><h3 style=\"font-weight:bold;color:#148ba9;margin-bottom:20px;\">Weiterbildung<\/h3><\/div><div class=\"uvc-sub-heading ult-responsive\"  data-ultimate-target='.uvc-heading.ultimate-heading-365369e001e9d4778 .uvc-sub-heading '  data-responsive-json-new='{\"font-size\":\"desktop:34px;\",\"line-height\":\"desktop:44px;\"}'  style=\"font-weight:bold;color:#222222;margin-bottom:30px;\"><\/p>\n<h5>Vom Scheininhaber zum Piloten! Sie wollen Ihre bestehenden Kenntnisse und F\u00e4higkeiten auffrischen und erweitern? Wir helfen Ihnen gern und stehen Ihnen kompetent zur Seite.<\/h5>\n<p><\/div><\/div>[vc_column_text]<\/p>\n<div class=\"col-md-12\">\n<div class=\"project-content mt-50\">\n<p>Ein guter Pilot ist immer in einem Lernprozess. Nat\u00fcrlich k\u00f6nnen Sie sich Ihre Erfahrungen alleine und selbst erfliegen, aber die Gefahr dabei ist gro\u00df, dass Sie in Situationen kommen, wo Ihre bisherigen Erfahrungen halt nicht ausreichen.<\/p>\n<p>Wir bieten Ihnen daher an, von unseren reichhaltigen Erfahrungen zu profitieren. Denn es geht um das Wichtigste, was Sie haben: Ihr Leben und Ihre Sicherheit.<\/p>\n<\/div>\n<\/div>\n<p>[\/vc_column_text][\/vc_column_inner][\/vc_row_inner][\/vc_column][\/vc_row][vc_row content_placement=&#8220;middle&#8220; css=&#8220;.vc_custom_1580204287829{padding-top: 55px !important;padding-bottom: 55px !important;}&#8220;][vc_column][vc_row_inner equal_height=&#8220;yes&#8220; content_placement=&#8220;top&#8220; el_class=&#8220;phone-reverse-col&#8220;][vc_column_inner width=&#8220;1\/2&#8243; css=&#8220;.vc_custom_1594281672231{margin-top: 30px !important;margin-bottom: 30px !important;background-position: center !important;background-repeat: no-repeat !important;background-size: contain !important;}&#8220;]<div id=\"ultimate-heading-742169e001e9d47b5\" class=\"uvc-heading ult-adjust-bottom-margin ultimate-heading-742169e001e9d47b5 uvc-142  uvc-heading-default-font-sizes\" data-hspacer=\"no_spacer\"  data-halign=\"left\" style=\"text-align:left\"><div class=\"uvc-heading-spacer no_spacer\" style=\"top\"><\/div><div class=\"uvc-main-heading ult-responsive\"  data-ultimate-target='.uvc-heading.ultimate-heading-742169e001e9d47b5 h3'  data-responsive-json-new='{\"font-size\":\"\",\"line-height\":\"\"}' ><h3 style=\"font-weight:bold;color:#148ba9;margin-bottom:20px;\">Weiterbildungskurse<\/h3><\/div><\/div>[vc_column_text]Weiterbildungskurse f\u00fcr Piloten und Fluglehrer, f\u00fcr Institutionen und Firmen sowie f\u00fcr Flugsicherungspersonal.[\/vc_column_text][\/vc_column_inner][vc_column_inner width=&#8220;1\/2&#8243; css=&#8220;.vc_custom_1594281666442{margin-top: 30px !important;margin-bottom: 30px !important;background-position: center !important;background-repeat: no-repeat !important;background-size: contain !important;}&#8220;]<div id=\"ultimate-heading-977369e001e9d47d6\" class=\"uvc-heading ult-adjust-bottom-margin ultimate-heading-977369e001e9d47d6 uvc-8807  uvc-heading-default-font-sizes\" data-hspacer=\"no_spacer\"  data-halign=\"left\" style=\"text-align:left\"><div class=\"uvc-heading-spacer no_spacer\" style=\"top\"><\/div><div class=\"uvc-main-heading ult-responsive\"  data-ultimate-target='.uvc-heading.ultimate-heading-977369e001e9d47d6 h3'  data-responsive-json-new='{\"font-size\":\"\",\"line-height\":\"\"}' ><h3 style=\"font-weight:bold;color:#148ba9;margin-bottom:20px;\">Sicherheits- und CRM-Trainings<\/h3><\/div><\/div>[vc_column_text]Sicherheitstrainings f\u00fcr Piloten und Fluglehrer, f\u00fcr Institutionen und Firmen sowie f\u00fcr Flugsicherungspersonal.<\/p>\n<p>&nbsp;<\/p>\n<p>Training\/Assessments f\u00fcr Crew Ressource Management (CRM) oder Human Factors f\u00fcr Besatzungen, Flugsicherungspersonal und sonstige Interessenten.[\/vc_column_text][\/vc_column_inner][\/vc_row_inner][vc_empty_space][\/vc_column][\/vc_row]<\/p>\n<\/section>","protected":false},"excerpt":{"rendered":"<p>[vc_row content_placement=&#8220;middle&#8220; css=&#8220;.vc_custom_1575390546273{padding-top: 55px !important;padding-bottom: 55px !important;}&#8220;][vc_column][vc_row_inner equal_height=&#8220;yes&#8220; content_placement=&#8220;middle&#8220;][vc_column_inner width=&#8220;1\/2&#8243; css=&#8220;.vc_custom_1584788114562{margin-top: 30px !important;margin-right: 25px !important;margin-bottom: 30px !important;margin-left: 25px !important;padding-top: 40% !important;padding-bottom: 40% !important;background-image: url(https:\/\/www.at-aviation.de\/wp-content\/uploads\/2020\/03\/at-aviation_jd-hd_200212_3374.jpg?id=4208) !important;background-position: center !important;background-repeat: no-repeat !important;background-size: cover !important;}&#8220;][\/vc_column_inner][vc_column_inner width=&#8220;1\/2&#8243; css=&#8220;.vc_custom_1575390506246{margin-top: 30px !important;margin-bottom: 30px !important;}&#8220;][vc_column_text] Ein guter Pilot ist immer in einem Lernprozess. Nat\u00fcrlich k\u00f6nnen Sie sich Ihre Erfahrungen alleine und selbst erfliegen,&hellip;<\/p>\n","protected":false},"author":1,"featured_media":0,"parent":3892,"menu_order":40,"comment_status":"closed","ping_status":"closed","template":"","meta":{"footnotes":""},"class_list":["post-3867","page","type-page","status-publish","hentry","description-off"],"_links":{"self":[{"href":"https:\/\/www.at-aviation.de\/index.php\/wp-json\/wp\/v2\/pages\/3867","targetHints":{"allow":["GET"]}}],"collection":[{"href":"https:\/\/www.at-aviation.de\/index.php\/wp-json\/wp\/v2\/pages"}],"about":[{"href":"https:\/\/www.at-aviation.de\/index.php\/wp-json\/wp\/v2\/types\/page"}],"author":[{"embeddable":true,"href":"https:\/\/www.at-aviation.de\/index.php\/wp-json\/wp\/v2\/users\/1"}],"replies":[{"embeddable":true,"href":"https:\/\/www.at-aviation.de\/index.php\/wp-json\/wp\/v2\/comments?post=3867"}],"version-history":[{"count":15,"href":"https:\/\/www.at-aviation.de\/index.php\/wp-json\/wp\/v2\/pages\/3867\/revisions"}],"predecessor-version":[{"id":4309,"href":"https:\/\/www.at-aviation.de\/index.php\/wp-json\/wp\/v2\/pages\/3867\/revisions\/4309"}],"up":[{"embeddable":true,"href":"https:\/\/www.at-aviation.de\/index.php\/wp-json\/wp\/v2\/pages\/3892"}],"wp:attachment":[{"href":"https:\/\/www.at-aviation.de\/index.php\/wp-json\/wp\/v2\/media?parent=3867"}],"curies":[{"name":"wp","href":"https:\/\/api.w.org\/{rel}","templated":true}]}}